{"id":173,"date":"2025-02-11T22:41:18","date_gmt":"2025-02-11T21:41:18","guid":{"rendered":"https:\/\/kamieniarstwopila.pl\/?page_id=173"},"modified":"2025-06-12T10:22:46","modified_gmt":"2025-06-12T08:22:46","slug":"kontakt","status":"publish","type":"page","link":"https:\/\/kamieniarstwopila.pl\/index.php\/kontakt\/","title":{"rendered":"KONTAKT"},"content":{"rendered":"\t\t<div data-elementor-type=\"wp-page\" data-elementor-id=\"173\" class=\"elementor elementor-173\">\n\t\t\t\t<div class=\"elementor-element elementor-element-9e8003c e-flex e-con-boxed e-con e-parent\" data-id=\"9e8003c\" data-element_type=\"container\">\n\t\t\t\t\t<div class=\"e-con-inner\">\n\t\t\t\t<div class=\"elementor-element elementor-element-608c82e elementor-widget elementor-widget-heading\" data-id=\"608c82e\" data-element_type=\"widget\" data-widget_type=\"heading.default\">\n\t\t\t\t<div class=\"elementor-widget-container\">\n\t\t\t\t\t<h4 class=\"elementor-heading-title elementor-size-default\">KONTAKT<\/h4>\t\t\t\t<\/div>\n\t\t\t\t<\/div>\n\t\t\t\t\t<\/div>\n\t\t\t\t<\/div>\n\t\t<div class=\"elementor-element elementor-element-bfa9328 e-flex e-con-boxed e-con e-parent\" data-id=\"bfa9328\" data-element_type=\"container\">\n\t\t\t\t\t<div class=\"e-con-inner\">\n\t\t<div class=\"elementor-element elementor-element-3decc28 e-con-full e-flex e-con e-child\" data-id=\"3decc28\" data-element_type=\"container\">\n\t\t\t\t<div class=\"elementor-element elementor-element-3552685 elementor-view-default elementor-position-top elementor-mobile-position-top elementor-widget elementor-widget-icon-box\" data-id=\"3552685\" data-element_type=\"widget\" data-widget_type=\"icon-box.default\">\n\t\t\t\t<div class=\"elementor-widget-container\">\n\t\t\t\t\t\t\t<div class=\"elementor-icon-box-wrapper\">\n\n\t\t\t\t\t\t<div class=\"elementor-icon-box-icon\">\n\t\t\t\t<a href=\"mailto:biuro@kamieniarstwopila.pl\" class=\"elementor-icon\" tabindex=\"-1\" aria-label=\"MAIL\">\n\t\t\t\t<svg aria-hidden=\"true\" class=\"e-font-icon-svg e-fas-mail-bulk\" viewBox=\"0 0 576 512\" xmlns=\"http:\/\/www.w3.org\/2000\/svg\"><path d=\"M160 448c-25.6 0-51.2-22.4-64-32-64-44.8-83.2-60.8-96-70.4V480c0 17.67 14.33 32 32 32h256c17.67 0 32-14.33 32-32V345.6c-12.8 9.6-32 25.6-96 70.4-12.8 9.6-38.4 32-64 32zm128-192H32c-17.67 0-32 14.33-32 32v16c25.6 19.2 22.4 19.2 115.2 86.4 9.6 6.4 28.8 25.6 44.8 25.6s35.2-19.2 44.8-22.4c92.8-67.2 89.6-67.2 115.2-86.4V288c0-17.67-14.33-32-32-32zm256-96H224c-17.67 0-32 14.33-32 32v32h96c33.21 0 60.59 25.42 63.71 57.82l.29-.22V416h192c17.67 0 32-14.33 32-32V192c0-17.67-14.33-32-32-32zm-32 128h-64v-64h64v64zm-352-96c0-35.29 28.71-64 64-64h224V32c0-17.67-14.33-32-32-32H96C78.33 0 64 14.33 64 32v192h96v-32z\"><\/path><\/svg>\t\t\t\t<\/a>\n\t\t\t<\/div>\n\t\t\t\n\t\t\t\t\t\t<div class=\"elementor-icon-box-content\">\n\n\t\t\t\t\t\t\t\t\t<h4 class=\"elementor-icon-box-title\">\n\t\t\t\t\t\t<a href=\"mailto:biuro@kamieniarstwopila.pl\" >\n\t\t\t\t\t\t\tMAIL\t\t\t\t\t\t<\/a>\n\t\t\t\t\t<\/h4>\n\t\t\t\t\n\t\t\t\t\t\t\t\t\t<p class=\"elementor-icon-box-description\">\n\t\t\t\t\t\t<a href=\"mailto:biuro@kamieniarstwopila.pl\">BIURO@KAMIENIARSTWOPILA.PL<\/a>\n\t\t\t\t\t<\/p>\n\t\t\t\t\n\t\t\t<\/div>\n\t\t\t\n\t\t<\/div>\n\t\t\t\t\t\t<\/div>\n\t\t\t\t<\/div>\n\t\t\t\t<\/div>\n\t\t<div class=\"elementor-element elementor-element-b56aefc e-con-full e-flex e-con e-child\" data-id=\"b56aefc\" data-element_type=\"container\">\n\t\t\t\t<div class=\"elementor-element elementor-element-6b66697 elementor-view-default elementor-position-top elementor-mobile-position-top elementor-widget elementor-widget-icon-box\" data-id=\"6b66697\" data-element_type=\"widget\" data-widget_type=\"icon-box.default\">\n\t\t\t\t<div class=\"elementor-widget-container\">\n\t\t\t\t\t\t\t<div class=\"elementor-icon-box-wrapper\">\n\n\t\t\t\t\t\t<div class=\"elementor-icon-box-icon\">\n\t\t\t\t<a href=\"tel:+48692022716\" class=\"elementor-icon\" tabindex=\"-1\" aria-label=\"TELEFON\">\n\t\t\t\t<svg aria-hidden=\"true\" class=\"e-font-icon-svg e-fas-phone-alt\" viewBox=\"0 0 512 512\" xmlns=\"http:\/\/www.w3.org\/2000\/svg\"><path d=\"M497.39 361.8l-112-48a24 24 0 0 0-28 6.9l-49.6 60.6A370.66 370.66 0 0 1 130.6 204.11l60.6-49.6a23.94 23.94 0 0 0 6.9-28l-48-112A24.16 24.16 0 0 0 122.6.61l-104 24A24 24 0 0 0 0 48c0 256.5 207.9 464 464 464a24 24 0 0 0 23.4-18.6l24-104a24.29 24.29 0 0 0-14.01-27.6z\"><\/path><\/svg>\t\t\t\t<\/a>\n\t\t\t<\/div>\n\t\t\t\n\t\t\t\t\t\t<div class=\"elementor-icon-box-content\">\n\n\t\t\t\t\t\t\t\t\t<h4 class=\"elementor-icon-box-title\">\n\t\t\t\t\t\t<a href=\"tel:+48692022716\" >\n\t\t\t\t\t\t\tTELEFON\t\t\t\t\t\t<\/a>\n\t\t\t\t\t<\/h4>\n\t\t\t\t\n\t\t\t\t\t\t\t\t\t<p class=\"elementor-icon-box-description\">\n\t\t\t\t\t\t<a href=\"tel:+48692022716\">692-022-716<\/a>\t\t\t\t\t<\/p>\n\t\t\t\t\n\t\t\t<\/div>\n\t\t\t\n\t\t<\/div>\n\t\t\t\t\t\t<\/div>\n\t\t\t\t<\/div>\n\t\t\t\t<\/div>\n\t\t\t\t\t<\/div>\n\t\t\t\t<\/div>\n\t\t<div class=\"elementor-element elementor-element-65f61a5 e-flex e-con-boxed e-con e-parent\" data-id=\"65f61a5\" data-element_type=\"container\">\n\t\t\t\t\t<div class=\"e-con-inner\">\n\t\t\t\t<div class=\"elementor-element elementor-element-2aeceae elementor-widget elementor-widget-text-editor\" data-id=\"2aeceae\" data-element_type=\"widget\" data-widget_type=\"text-editor.default\">\n\t\t\t\t<div class=\"elementor-widget-container\">\n\t\t\t\t\t\t\t\t\t<p>Kamieniarstwo Kuksinowicz R. \u2013 Nagrobki | Kamieniarz | Zak\u0142ad Kamieniarski Pi\u0142a<\/p><p><a href=\"https:\/\/maps.app.goo.gl\/SN1CvtVteZRQAgaA9\" target=\"_blank\" rel=\"noopener\">ul. Orla 42, 64-920 Pi\u0142a<\/a><\/p><p>(naprzeciwko ko\u015bcio\u0142a)<\/p><p>Godziny otwarcia:<br \/>Pon. &#8211; Pt.: 08:00 &#8211; 18:00<br \/>Sob.: 08:00 &#8211; 14:00<\/p>\t\t\t\t\t\t\t\t<\/div>\n\t\t\t\t<\/div>\n\t\t\t\t<div class=\"elementor-element elementor-element-4291ba2 elementor-shape-rounded elementor-grid-0 e-grid-align-center elementor-widget elementor-widget-social-icons\" data-id=\"4291ba2\" data-element_type=\"widget\" data-widget_type=\"social-icons.default\">\n\t\t\t\t<div class=\"elementor-widget-container\">\n\t\t\t\t\t\t\t<div class=\"elementor-social-icons-wrapper elementor-grid\">\n\t\t\t\t\t\t\t<span class=\"elementor-grid-item\">\n\t\t\t\t\t<a class=\"elementor-icon elementor-social-icon elementor-social-icon-facebook elementor-repeater-item-3819de3\" href=\"https:\/\/www.facebook.com\/kamieniarstwokuksinowicz\" target=\"_blank\">\n\t\t\t\t\t\t<span class=\"elementor-screen-only\">Facebook<\/span>\n\t\t\t\t\t\t<svg class=\"e-font-icon-svg e-fab-facebook\" viewBox=\"0 0 512 512\" xmlns=\"http:\/\/www.w3.org\/2000\/svg\"><path d=\"M504 256C504 119 393 8 256 8S8 119 8 256c0 123.78 90.69 226.38 209.25 245V327.69h-63V256h63v-54.64c0-62.15 37-96.48 93.67-96.48 27.14 0 55.52 4.84 55.52 4.84v61h-31.28c-30.8 0-40.41 19.12-40.41 38.73V256h68.78l-11 71.69h-57.78V501C413.31 482.38 504 379.78 504 256z\"><\/path><\/svg>\t\t\t\t\t<\/a>\n\t\t\t\t<\/span>\n\t\t\t\t\t<\/div>\n\t\t\t\t\t\t<\/div>\n\t\t\t\t<\/div>\n\t\t\t\t<div class=\"elementor-element elementor-element-6710cc7 elementor-widget elementor-widget-google_maps\" data-id=\"6710cc7\" data-element_type=\"widget\" data-widget_type=\"google_maps.default\">\n\t\t\t\t<div class=\"elementor-widget-container\">\n\t\t\t\t\t\t\t<div class=\"elementor-custom-embed\">\n\t\t\t<iframe loading=\"lazy\"\n\t\t\t\t\tsrc=\"https:\/\/maps.google.com\/maps?q=Kuksinowicz%20R&#038;t=m&#038;z=10&#038;output=embed&#038;iwloc=near\"\n\t\t\t\t\ttitle=\"Kuksinowicz R\"\n\t\t\t\t\taria-label=\"Kuksinowicz R\"\n\t\t\t><\/iframe>\n\t\t<\/div>\n\t\t\t\t\t\t<\/div>\n\t\t\t\t<\/div>\n\t\t\t\t\t<\/div>\n\t\t\t\t<\/div>\n\t\t\t\t<\/div>\n\t\t","protected":false},"excerpt":{"rendered":"<p>KONTAKT MAIL BIURO@KAMIENIARSTWOPILA.PL TELEFON 692-022-716 Kamieniarstwo Kuksinowicz R. \u2013 Nagrobki | Kamieniarz | Zak\u0142ad Kamieniarski Pi\u0142a ul. Orla 42, 64-920 Pi\u0142a (naprzeciwko ko\u015bcio\u0142a) Godziny otwarcia:Pon. &#8211; Pt.: 08:00 &#8211; 18:00Sob.: 08:00 &#8211; 14:00 Facebook<\/p>\n","protected":false},"author":1,"featured_media":0,"parent":0,"menu_order":0,"comment_status":"closed","ping_status":"closed","template":"","meta":{"_themeisle_gutenberg_block_has_review":false,"footnotes":""},"class_list":["post-173","page","type-page","status-publish","hentry"],"yoast_head":"<!-- This site is optimized with the Yoast SEO plugin v24.4 - https:\/\/yoast.com\/wordpress\/plugins\/seo\/ -->\n<title>KONTAKT - Kuksinowicz Kamieniarstwo<\/title>\n<meta name=\"robots\" content=\"index, follow, max-snippet:-1, max-image-preview:large, max-video-preview:-1\" \/>\n<link rel=\"canonical\" href=\"https:\/\/kamieniarstwopila.pl\/index.php\/kontakt\/\" \/>\n<meta property=\"og:locale\" content=\"pl_PL\" \/>\n<meta property=\"og:type\" content=\"article\" \/>\n<meta property=\"og:title\" content=\"KONTAKT - Kuksinowicz Kamieniarstwo\" \/>\n<meta property=\"og:description\" content=\"KONTAKT MAIL BIURO@KAMIENIARSTWOPILA.PL TELEFON 692-022-716 Kamieniarstwo Kuksinowicz R. \u2013 Nagrobki | Kamieniarz | Zak\u0142ad Kamieniarski Pi\u0142a ul. Orla 42, 64-920 Pi\u0142a (naprzeciwko ko\u015bcio\u0142a) Godziny otwarcia:Pon. &#8211; Pt.: 08:00 &#8211; 18:00Sob.: 08:00 &#8211; 14:00 Facebook\" \/>\n<meta property=\"og:url\" content=\"https:\/\/kamieniarstwopila.pl\/index.php\/kontakt\/\" \/>\n<meta property=\"og:site_name\" content=\"Kuksinowicz Kamieniarstwo\" \/>\n<meta property=\"article:modified_time\" content=\"2025-06-12T08:22:46+00:00\" \/>\n<meta name=\"twitter:card\" content=\"summary_large_image\" \/>\n<meta name=\"twitter:label1\" content=\"Szacowany czas czytania\" \/>\n\t<meta name=\"twitter:data1\" content=\"1 minuta\" \/>\n<script type=\"application\/ld+json\" class=\"yoast-schema-graph\">{\"@context\":\"https:\/\/schema.org\",\"@graph\":[{\"@type\":\"WebPage\",\"@id\":\"https:\/\/kamieniarstwopila.pl\/index.php\/kontakt\/\",\"url\":\"https:\/\/kamieniarstwopila.pl\/index.php\/kontakt\/\",\"name\":\"KONTAKT - Kuksinowicz Kamieniarstwo\",\"isPartOf\":{\"@id\":\"https:\/\/kamieniarstwopila.pl\/#website\"},\"datePublished\":\"2025-02-11T21:41:18+00:00\",\"dateModified\":\"2025-06-12T08:22:46+00:00\",\"breadcrumb\":{\"@id\":\"https:\/\/kamieniarstwopila.pl\/index.php\/kontakt\/#breadcrumb\"},\"inLanguage\":\"pl-PL\",\"potentialAction\":[{\"@type\":\"ReadAction\",\"target\":[\"https:\/\/kamieniarstwopila.pl\/index.php\/kontakt\/\"]}]},{\"@type\":\"BreadcrumbList\",\"@id\":\"https:\/\/kamieniarstwopila.pl\/index.php\/kontakt\/#breadcrumb\",\"itemListElement\":[{\"@type\":\"ListItem\",\"position\":1,\"name\":\"Strona g\u0142\u00f3wna\",\"item\":\"https:\/\/kamieniarstwopila.pl\/\"},{\"@type\":\"ListItem\",\"position\":2,\"name\":\"KONTAKT\"}]},{\"@type\":\"WebSite\",\"@id\":\"https:\/\/kamieniarstwopila.pl\/#website\",\"url\":\"https:\/\/kamieniarstwopila.pl\/\",\"name\":\"Kuksinowicz Kamieniarstwo\",\"description\":\"Zak\u0142ad Kamieniarski Pi\u0142a Motylewo\",\"publisher\":{\"@id\":\"https:\/\/kamieniarstwopila.pl\/#organization\"},\"potentialAction\":[{\"@type\":\"SearchAction\",\"target\":{\"@type\":\"EntryPoint\",\"urlTemplate\":\"https:\/\/kamieniarstwopila.pl\/?s={search_term_string}\"},\"query-input\":{\"@type\":\"PropertyValueSpecification\",\"valueRequired\":true,\"valueName\":\"search_term_string\"}}],\"inLanguage\":\"pl-PL\"},{\"@type\":\"Organization\",\"@id\":\"https:\/\/kamieniarstwopila.pl\/#organization\",\"name\":\"Kuksinowicz Kamieniarstwo\",\"url\":\"https:\/\/kamieniarstwopila.pl\/\",\"logo\":{\"@type\":\"ImageObject\",\"inLanguage\":\"pl-PL\",\"@id\":\"https:\/\/kamieniarstwopila.pl\/#\/schema\/logo\/image\/\",\"url\":\"https:\/\/kamieniarstwopila.pl\/wp-content\/uploads\/2025\/02\/cropped-logo-kuk.png\",\"contentUrl\":\"https:\/\/kamieniarstwopila.pl\/wp-content\/uploads\/2025\/02\/cropped-logo-kuk.png\",\"width\":1080,\"height\":480,\"caption\":\"Kuksinowicz Kamieniarstwo\"},\"image\":{\"@id\":\"https:\/\/kamieniarstwopila.pl\/#\/schema\/logo\/image\/\"}}]}<\/script>\n<!-- \/ Yoast SEO plugin. -->","yoast_head_json":{"title":"KONTAKT - Kuksinowicz Kamieniarstwo","robots":{"index":"index","follow":"follow","max-snippet":"max-snippet:-1","max-image-preview":"max-image-preview:large","max-video-preview":"max-video-preview:-1"},"canonical":"https:\/\/kamieniarstwopila.pl\/index.php\/kontakt\/","og_locale":"pl_PL","og_type":"article","og_title":"KONTAKT - Kuksinowicz Kamieniarstwo","og_description":"KONTAKT MAIL BIURO@KAMIENIARSTWOPILA.PL TELEFON 692-022-716 Kamieniarstwo Kuksinowicz R. \u2013 Nagrobki | Kamieniarz | Zak\u0142ad Kamieniarski Pi\u0142a ul. Orla 42, 64-920 Pi\u0142a (naprzeciwko ko\u015bcio\u0142a) Godziny otwarcia:Pon. &#8211; Pt.: 08:00 &#8211; 18:00Sob.: 08:00 &#8211; 14:00 Facebook","og_url":"https:\/\/kamieniarstwopila.pl\/index.php\/kontakt\/","og_site_name":"Kuksinowicz Kamieniarstwo","article_modified_time":"2025-06-12T08:22:46+00:00","twitter_card":"summary_large_image","twitter_misc":{"Szacowany czas czytania":"1 minuta"},"schema":{"@context":"https:\/\/schema.org","@graph":[{"@type":"WebPage","@id":"https:\/\/kamieniarstwopila.pl\/index.php\/kontakt\/","url":"https:\/\/kamieniarstwopila.pl\/index.php\/kontakt\/","name":"KONTAKT - Kuksinowicz Kamieniarstwo","isPartOf":{"@id":"https:\/\/kamieniarstwopila.pl\/#website"},"datePublished":"2025-02-11T21:41:18+00:00","dateModified":"2025-06-12T08:22:46+00:00","breadcrumb":{"@id":"https:\/\/kamieniarstwopila.pl\/index.php\/kontakt\/#breadcrumb"},"inLanguage":"pl-PL","potentialAction":[{"@type":"ReadAction","target":["https:\/\/kamieniarstwopila.pl\/index.php\/kontakt\/"]}]},{"@type":"BreadcrumbList","@id":"https:\/\/kamieniarstwopila.pl\/index.php\/kontakt\/#breadcrumb","itemListElement":[{"@type":"ListItem","position":1,"name":"Strona g\u0142\u00f3wna","item":"https:\/\/kamieniarstwopila.pl\/"},{"@type":"ListItem","position":2,"name":"KONTAKT"}]},{"@type":"WebSite","@id":"https:\/\/kamieniarstwopila.pl\/#website","url":"https:\/\/kamieniarstwopila.pl\/","name":"Kuksinowicz Kamieniarstwo","description":"Zak\u0142ad Kamieniarski Pi\u0142a Motylewo","publisher":{"@id":"https:\/\/kamieniarstwopila.pl\/#organization"},"potentialAction":[{"@type":"SearchAction","target":{"@type":"EntryPoint","urlTemplate":"https:\/\/kamieniarstwopila.pl\/?s={search_term_string}"},"query-input":{"@type":"PropertyValueSpecification","valueRequired":true,"valueName":"search_term_string"}}],"inLanguage":"pl-PL"},{"@type":"Organization","@id":"https:\/\/kamieniarstwopila.pl\/#organization","name":"Kuksinowicz Kamieniarstwo","url":"https:\/\/kamieniarstwopila.pl\/","logo":{"@type":"ImageObject","inLanguage":"pl-PL","@id":"https:\/\/kamieniarstwopila.pl\/#\/schema\/logo\/image\/","url":"https:\/\/kamieniarstwopila.pl\/wp-content\/uploads\/2025\/02\/cropped-logo-kuk.png","contentUrl":"https:\/\/kamieniarstwopila.pl\/wp-content\/uploads\/2025\/02\/cropped-logo-kuk.png","width":1080,"height":480,"caption":"Kuksinowicz Kamieniarstwo"},"image":{"@id":"https:\/\/kamieniarstwopila.pl\/#\/schema\/logo\/image\/"}}]}},"_links":{"self":[{"href":"https:\/\/kamieniarstwopila.pl\/index.php\/wp-json\/wp\/v2\/pages\/173","targetHints":{"allow":["GET"]}}],"collection":[{"href":"https:\/\/kamieniarstwopila.pl\/index.php\/wp-json\/wp\/v2\/pages"}],"about":[{"href":"https:\/\/kamieniarstwopila.pl\/index.php\/wp-json\/wp\/v2\/types\/page"}],"author":[{"embeddable":true,"href":"https:\/\/kamieniarstwopila.pl\/index.php\/wp-json\/wp\/v2\/users\/1"}],"replies":[{"embeddable":true,"href":"https:\/\/kamieniarstwopila.pl\/index.php\/wp-json\/wp\/v2\/comments?post=173"}],"version-history":[{"count":37,"href":"https:\/\/kamieniarstwopila.pl\/index.php\/wp-json\/wp\/v2\/pages\/173\/revisions"}],"predecessor-version":[{"id":455,"href":"https:\/\/kamieniarstwopila.pl\/index.php\/wp-json\/wp\/v2\/pages\/173\/revisions\/455"}],"wp:attachment":[{"href":"https:\/\/kamieniarstwopila.pl\/index.php\/wp-json\/wp\/v2\/media?parent=173"}],"curies":[{"name":"wp","href":"https:\/\/api.w.org\/{rel}","templated":true}]}}