{"id":216,"date":"2025-02-12T10:47:20","date_gmt":"2025-02-12T09:47:20","guid":{"rendered":"https:\/\/kamieniarstwopila.pl\/?page_id=216"},"modified":"2025-02-12T17:48:15","modified_gmt":"2025-02-12T16:48:15","slug":"wyposazenie-wnetrz","status":"publish","type":"page","link":"https:\/\/kamieniarstwopila.pl\/index.php\/wyposazenie-wnetrz\/","title":{"rendered":"Wyposa\u017cenie wn\u0119trz"},"content":{"rendered":"\t\t<div data-elementor-type=\"wp-page\" data-elementor-id=\"216\" class=\"elementor elementor-216\">\n\t\t\t\t<div class=\"elementor-element elementor-element-26ffe29 e-flex e-con-boxed e-con e-parent\" data-id=\"26ffe29\" data-element_type=\"container\">\n\t\t\t\t\t<div class=\"e-con-inner\">\n\t\t\t\t<div class=\"elementor-element elementor-element-ed89d72 elementor-widget elementor-widget-heading\" data-id=\"ed89d72\" data-element_type=\"widget\" data-widget_type=\"heading.default\">\n\t\t\t\t<div class=\"elementor-widget-container\">\n\t\t\t\t\t<h4 class=\"elementor-heading-title elementor-size-default\">Kamienne Elementy Wn\u0119trz \u2013 Trwa\u0142o\u015b\u0107, Luksus i Ponadczasowe Pi\u0119kno<\/h4>\t\t\t\t<\/div>\n\t\t\t\t<\/div>\n\t\t\t\t<div class=\"elementor-element elementor-element-62192d5 elementor-widget elementor-widget-text-editor\" data-id=\"62192d5\" data-element_type=\"widget\" data-widget_type=\"text-editor.default\">\n\t\t\t\t<div class=\"elementor-widget-container\">\n\t\t\t\t\t\t\t\t\t<p data-start=\"77\" data-end=\"366\">Oferujemy wykonanie <strong data-start=\"97\" data-end=\"171\">kamiennych parapet\u00f3w, schod\u00f3w, blat\u00f3w kuchennych oraz prog\u00f3w pod drzwi<\/strong>, kt\u00f3re \u0142\u0105cz\u0105 elegancj\u0119 z niezr\u00f3wnan\u0105 trwa\u0142o\u015bci\u0105. Kamie\u0144 to materia\u0142 niemal\u017ce niezniszczalny, odporny na uszkodzenia i up\u0142yw czasu, dzi\u0119ki czemu doskonale sprawdza si\u0119 w codziennym u\u017cytkowaniu.<\/p><p data-start=\"368\" data-end=\"668\" data-is-last-node=\"\">Ka\u017cdy element wykonujemy na wymiar, dostosowuj\u0105c go do stylu wn\u0119trza i indywidualnych oczekiwa\u0144 klienta. Naturalny kamie\u0144 wnosi do domu <strong data-start=\"504\" data-end=\"536\">luksus i ponadczasowy wygl\u0105d<\/strong>, dodaj\u0105c przestrzeni elegancji i presti\u017cu. Nasze realizacje to inwestycja na lata \u2013 pi\u0119kno i solidno\u015b\u0107, kt\u00f3re przetrwaj\u0105 pokolenia.<\/p>\t\t\t\t\t\t\t\t<\/div>\n\t\t\t\t<\/div>\n\t\t\t\t\t<\/div>\n\t\t\t\t<\/div>\n\t\t<div class=\"elementor-element elementor-element-8442914 e-flex e-con-boxed e-con e-parent\" data-id=\"8442914\" data-element_type=\"container\">\n\t\t\t\t\t<div class=\"e-con-inner\">\n\t\t<div class=\"elementor-element elementor-element-6b3e13d e-con-full e-flex e-con e-child\" data-id=\"6b3e13d\" data-element_type=\"container\">\n\t\t\t\t<div class=\"elementor-element elementor-element-178764f elementor-widget elementor-widget-image\" data-id=\"178764f\" data-element_type=\"widget\" data-widget_type=\"image.default\">\n\t\t\t\t<div class=\"elementor-widget-container\">\n\t\t\t\t\t\t\t\t\t\t\t\t\t\t\t<img fetchpriority=\"high\" decoding=\"async\" width=\"512\" height=\"512\" src=\"https:\/\/kamieniarstwopila.pl\/wp-content\/uploads\/2025\/02\/schoddy.jpeg\" class=\"attachment-large size-large wp-image-286\" alt=\"\" srcset=\"https:\/\/kamieniarstwopila.pl\/wp-content\/uploads\/2025\/02\/schoddy.jpeg 512w, https:\/\/kamieniarstwopila.pl\/wp-content\/uploads\/2025\/02\/schoddy-300x300.jpeg 300w, https:\/\/kamieniarstwopila.pl\/wp-content\/uploads\/2025\/02\/schoddy-150x150.jpeg 150w, https:\/\/kamieniarstwopila.pl\/wp-content\/uploads\/2025\/02\/schoddy-75x75.jpeg 75w\" sizes=\"(max-width: 512px) 100vw, 512px\" \/>\t\t\t\t\t\t\t\t\t\t\t\t\t\t\t<\/div>\n\t\t\t\t<\/div>\n\t\t\t\t<\/div>\n\t\t<div class=\"elementor-element elementor-element-db7f486 e-con-full e-flex e-con e-child\" data-id=\"db7f486\" data-element_type=\"container\">\n\t\t<div class=\"elementor-element elementor-element-d41b6cc e-con-full e-flex e-con e-child\" data-id=\"d41b6cc\" data-element_type=\"container\">\n\t\t\t\t<div class=\"elementor-element elementor-element-54f0057 elementor-widget elementor-widget-image\" data-id=\"54f0057\" data-element_type=\"widget\" data-widget_type=\"image.default\">\n\t\t\t\t<div class=\"elementor-widget-container\">\n\t\t\t\t\t\t\t\t\t\t\t\t\t\t\t<img decoding=\"async\" width=\"960\" height=\"640\" src=\"https:\/\/kamieniarstwopila.pl\/wp-content\/uploads\/2025\/02\/blat.jpeg\" class=\"attachment-large size-large wp-image-285\" alt=\"\" srcset=\"https:\/\/kamieniarstwopila.pl\/wp-content\/uploads\/2025\/02\/blat.jpeg 1000w, https:\/\/kamieniarstwopila.pl\/wp-content\/uploads\/2025\/02\/blat-300x200.jpeg 300w, https:\/\/kamieniarstwopila.pl\/wp-content\/uploads\/2025\/02\/blat-768x512.jpeg 768w\" sizes=\"(max-width: 960px) 100vw, 960px\" \/>\t\t\t\t\t\t\t\t\t\t\t\t\t\t\t<\/div>\n\t\t\t\t<\/div>\n\t\t\t\t<\/div>\n\t\t<div class=\"elementor-element elementor-element-bf0f956 e-con-full e-flex e-con e-child\" data-id=\"bf0f956\" data-element_type=\"container\">\n\t\t\t\t<div class=\"elementor-element elementor-element-b019df9 elementor-widget elementor-widget-image\" data-id=\"b019df9\" data-element_type=\"widget\" data-widget_type=\"image.default\">\n\t\t\t\t<div class=\"elementor-widget-container\">\n\t\t\t\t\t\t\t\t\t\t\t\t\t\t\t<img decoding=\"async\" width=\"331\" height=\"152\" src=\"https:\/\/kamieniarstwopila.pl\/wp-content\/uploads\/2025\/02\/parzew.jpeg\" class=\"attachment-large size-large wp-image-293\" alt=\"\" srcset=\"https:\/\/kamieniarstwopila.pl\/wp-content\/uploads\/2025\/02\/parzew.jpeg 331w, https:\/\/kamieniarstwopila.pl\/wp-content\/uploads\/2025\/02\/parzew-300x138.jpeg 300w\" sizes=\"(max-width: 331px) 100vw, 331px\" \/>\t\t\t\t\t\t\t\t\t\t\t\t\t\t\t<\/div>\n\t\t\t\t<\/div>\n\t\t\t\t<\/div>\n\t\t\t\t<\/div>\n\t\t\t\t<div class=\"elementor-element elementor-element-0f2c901 elementor-widget elementor-widget-image\" data-id=\"0f2c901\" data-element_type=\"widget\" data-widget_type=\"image.default\">\n\t\t\t\t<div class=\"elementor-widget-container\">\n\t\t\t\t\t\t\t\t\t\t\t\t\t\t\t<img loading=\"lazy\" decoding=\"async\" width=\"800\" height=\"532\" src=\"https:\/\/kamieniarstwopila.pl\/wp-content\/uploads\/2025\/02\/para3.jpeg\" class=\"attachment-large size-large wp-image-288\" alt=\"\" srcset=\"https:\/\/kamieniarstwopila.pl\/wp-content\/uploads\/2025\/02\/para3.jpeg 800w, https:\/\/kamieniarstwopila.pl\/wp-content\/uploads\/2025\/02\/para3-300x200.jpeg 300w, https:\/\/kamieniarstwopila.pl\/wp-content\/uploads\/2025\/02\/para3-768x511.jpeg 768w\" sizes=\"(max-width: 800px) 100vw, 800px\" \/>\t\t\t\t\t\t\t\t\t\t\t\t\t\t\t<\/div>\n\t\t\t\t<\/div>\n\t\t\t\t\t<\/div>\n\t\t\t\t<\/div>\n\t\t\t\t<\/div>\n\t\t","protected":false},"excerpt":{"rendered":"<p>Kamienne Elementy Wn\u0119trz \u2013 Trwa\u0142o\u015b\u0107, Luksus i Ponadczasowe Pi\u0119kno Oferujemy wykonanie kamiennych parapet\u00f3w, schod\u00f3w, blat\u00f3w kuchennych oraz prog\u00f3w pod drzwi, kt\u00f3re \u0142\u0105cz\u0105 elegancj\u0119 z niezr\u00f3wnan\u0105 trwa\u0142o\u015bci\u0105. Kamie\u0144 to materia\u0142 niemal\u017ce niezniszczalny, odporny na uszkodzenia i up\u0142yw czasu, dzi\u0119ki czemu doskonale sprawdza si\u0119 w codziennym u\u017cytkowaniu. Ka\u017cdy element wykonujemy na wymiar, dostosowuj\u0105c go do stylu wn\u0119trza i indywidualnych oczekiwa\u0144 klienta. Naturalny kamie\u0144 wnosi do domu luksus i ponadczasowy wygl\u0105d, dodaj\u0105c przestrzeni elegancji i presti\u017cu. Nasze realizacje to inwestycja na lata \u2013 pi\u0119kno i solidno\u015b\u0107, kt\u00f3re przetrwaj\u0105 pokolenia.<\/p>\n","protected":false},"author":1,"featured_media":0,"parent":0,"menu_order":0,"comment_status":"closed","ping_status":"closed","template":"","meta":{"_themeisle_gutenberg_block_has_review":false,"footnotes":""},"class_list":["post-216","page","type-page","status-publish","hentry"],"yoast_head":"<!-- This site is optimized with the Yoast SEO plugin v24.4 - https:\/\/yoast.com\/wordpress\/plugins\/seo\/ -->\n<title>Wyposa\u017cenie wn\u0119trz - Kuksinowicz Kamieniarstwo<\/title>\n<meta name=\"robots\" content=\"index, follow, max-snippet:-1, max-image-preview:large, max-video-preview:-1\" \/>\n<link rel=\"canonical\" href=\"https:\/\/kamieniarstwopila.pl\/index.php\/wyposazenie-wnetrz\/\" \/>\n<meta property=\"og:locale\" content=\"pl_PL\" \/>\n<meta property=\"og:type\" content=\"article\" \/>\n<meta property=\"og:title\" content=\"Wyposa\u017cenie wn\u0119trz - Kuksinowicz Kamieniarstwo\" \/>\n<meta property=\"og:description\" content=\"Kamienne Elementy Wn\u0119trz \u2013 Trwa\u0142o\u015b\u0107, Luksus i Ponadczasowe Pi\u0119kno Oferujemy wykonanie kamiennych parapet\u00f3w, schod\u00f3w, blat\u00f3w kuchennych oraz prog\u00f3w pod drzwi, kt\u00f3re \u0142\u0105cz\u0105 elegancj\u0119 z niezr\u00f3wnan\u0105 trwa\u0142o\u015bci\u0105. Kamie\u0144 to materia\u0142 niemal\u017ce niezniszczalny, odporny na uszkodzenia i up\u0142yw czasu, dzi\u0119ki czemu doskonale sprawdza si\u0119 w codziennym u\u017cytkowaniu. Ka\u017cdy element wykonujemy na wymiar, dostosowuj\u0105c go do stylu wn\u0119trza i indywidualnych oczekiwa\u0144 klienta. Naturalny kamie\u0144 wnosi do domu luksus i ponadczasowy wygl\u0105d, dodaj\u0105c przestrzeni elegancji i presti\u017cu. Nasze realizacje to inwestycja na lata \u2013 pi\u0119kno i solidno\u015b\u0107, kt\u00f3re przetrwaj\u0105 pokolenia.\" \/>\n<meta property=\"og:url\" content=\"https:\/\/kamieniarstwopila.pl\/index.php\/wyposazenie-wnetrz\/\" \/>\n<meta property=\"og:site_name\" content=\"Kuksinowicz Kamieniarstwo\" \/>\n<meta property=\"article:modified_time\" content=\"2025-02-12T16:48:15+00:00\" \/>\n<meta property=\"og:image\" content=\"https:\/\/kamieniarstwopila.pl\/wp-content\/uploads\/2025\/02\/schoddy.jpeg\" \/>\n<meta name=\"twitter:card\" content=\"summary_large_image\" \/>\n<meta name=\"twitter:label1\" content=\"Szacowany czas czytania\" \/>\n\t<meta name=\"twitter:data1\" content=\"2 minuty\" \/>\n<script type=\"application\/ld+json\" class=\"yoast-schema-graph\">{\"@context\":\"https:\/\/schema.org\",\"@graph\":[{\"@type\":\"WebPage\",\"@id\":\"https:\/\/kamieniarstwopila.pl\/index.php\/wyposazenie-wnetrz\/\",\"url\":\"https:\/\/kamieniarstwopila.pl\/index.php\/wyposazenie-wnetrz\/\",\"name\":\"Wyposa\u017cenie wn\u0119trz - Kuksinowicz Kamieniarstwo\",\"isPartOf\":{\"@id\":\"https:\/\/kamieniarstwopila.pl\/#website\"},\"primaryImageOfPage\":{\"@id\":\"https:\/\/kamieniarstwopila.pl\/index.php\/wyposazenie-wnetrz\/#primaryimage\"},\"image\":{\"@id\":\"https:\/\/kamieniarstwopila.pl\/index.php\/wyposazenie-wnetrz\/#primaryimage\"},\"thumbnailUrl\":\"https:\/\/kamieniarstwopila.pl\/wp-content\/uploads\/2025\/02\/schoddy.jpeg\",\"datePublished\":\"2025-02-12T09:47:20+00:00\",\"dateModified\":\"2025-02-12T16:48:15+00:00\",\"breadcrumb\":{\"@id\":\"https:\/\/kamieniarstwopila.pl\/index.php\/wyposazenie-wnetrz\/#breadcrumb\"},\"inLanguage\":\"pl-PL\",\"potentialAction\":[{\"@type\":\"ReadAction\",\"target\":[\"https:\/\/kamieniarstwopila.pl\/index.php\/wyposazenie-wnetrz\/\"]}]},{\"@type\":\"ImageObject\",\"inLanguage\":\"pl-PL\",\"@id\":\"https:\/\/kamieniarstwopila.pl\/index.php\/wyposazenie-wnetrz\/#primaryimage\",\"url\":\"https:\/\/kamieniarstwopila.pl\/wp-content\/uploads\/2025\/02\/schoddy.jpeg\",\"contentUrl\":\"https:\/\/kamieniarstwopila.pl\/wp-content\/uploads\/2025\/02\/schoddy.jpeg\",\"width\":512,\"height\":512},{\"@type\":\"BreadcrumbList\",\"@id\":\"https:\/\/kamieniarstwopila.pl\/index.php\/wyposazenie-wnetrz\/#breadcrumb\",\"itemListElement\":[{\"@type\":\"ListItem\",\"position\":1,\"name\":\"Strona g\u0142\u00f3wna\",\"item\":\"https:\/\/kamieniarstwopila.pl\/\"},{\"@type\":\"ListItem\",\"position\":2,\"name\":\"Wyposa\u017cenie wn\u0119trz\"}]},{\"@type\":\"WebSite\",\"@id\":\"https:\/\/kamieniarstwopila.pl\/#website\",\"url\":\"https:\/\/kamieniarstwopila.pl\/\",\"name\":\"Kuksinowicz Kamieniarstwo\",\"description\":\"Zak\u0142ad Kamieniarski Pi\u0142a Motylewo\",\"publisher\":{\"@id\":\"https:\/\/kamieniarstwopila.pl\/#organization\"},\"potentialAction\":[{\"@type\":\"SearchAction\",\"target\":{\"@type\":\"EntryPoint\",\"urlTemplate\":\"https:\/\/kamieniarstwopila.pl\/?s={search_term_string}\"},\"query-input\":{\"@type\":\"PropertyValueSpecification\",\"valueRequired\":true,\"valueName\":\"search_term_string\"}}],\"inLanguage\":\"pl-PL\"},{\"@type\":\"Organization\",\"@id\":\"https:\/\/kamieniarstwopila.pl\/#organization\",\"name\":\"Kuksinowicz Kamieniarstwo\",\"url\":\"https:\/\/kamieniarstwopila.pl\/\",\"logo\":{\"@type\":\"ImageObject\",\"inLanguage\":\"pl-PL\",\"@id\":\"https:\/\/kamieniarstwopila.pl\/#\/schema\/logo\/image\/\",\"url\":\"https:\/\/kamieniarstwopila.pl\/wp-content\/uploads\/2025\/02\/cropped-logo-kuk.png\",\"contentUrl\":\"https:\/\/kamieniarstwopila.pl\/wp-content\/uploads\/2025\/02\/cropped-logo-kuk.png\",\"width\":1080,\"height\":480,\"caption\":\"Kuksinowicz Kamieniarstwo\"},\"image\":{\"@id\":\"https:\/\/kamieniarstwopila.pl\/#\/schema\/logo\/image\/\"}}]}<\/script>\n<!-- \/ Yoast SEO plugin. -->","yoast_head_json":{"title":"Wyposa\u017cenie wn\u0119trz - Kuksinowicz Kamieniarstwo","robots":{"index":"index","follow":"follow","max-snippet":"max-snippet:-1","max-image-preview":"max-image-preview:large","max-video-preview":"max-video-preview:-1"},"canonical":"https:\/\/kamieniarstwopila.pl\/index.php\/wyposazenie-wnetrz\/","og_locale":"pl_PL","og_type":"article","og_title":"Wyposa\u017cenie wn\u0119trz - Kuksinowicz Kamieniarstwo","og_description":"Kamienne Elementy Wn\u0119trz \u2013 Trwa\u0142o\u015b\u0107, Luksus i Ponadczasowe Pi\u0119kno Oferujemy wykonanie kamiennych parapet\u00f3w, schod\u00f3w, blat\u00f3w kuchennych oraz prog\u00f3w pod drzwi, kt\u00f3re \u0142\u0105cz\u0105 elegancj\u0119 z niezr\u00f3wnan\u0105 trwa\u0142o\u015bci\u0105. Kamie\u0144 to materia\u0142 niemal\u017ce niezniszczalny, odporny na uszkodzenia i up\u0142yw czasu, dzi\u0119ki czemu doskonale sprawdza si\u0119 w codziennym u\u017cytkowaniu. Ka\u017cdy element wykonujemy na wymiar, dostosowuj\u0105c go do stylu wn\u0119trza i indywidualnych oczekiwa\u0144 klienta. Naturalny kamie\u0144 wnosi do domu luksus i ponadczasowy wygl\u0105d, dodaj\u0105c przestrzeni elegancji i presti\u017cu. Nasze realizacje to inwestycja na lata \u2013 pi\u0119kno i solidno\u015b\u0107, kt\u00f3re przetrwaj\u0105 pokolenia.","og_url":"https:\/\/kamieniarstwopila.pl\/index.php\/wyposazenie-wnetrz\/","og_site_name":"Kuksinowicz Kamieniarstwo","article_modified_time":"2025-02-12T16:48:15+00:00","og_image":[{"url":"https:\/\/kamieniarstwopila.pl\/wp-content\/uploads\/2025\/02\/schoddy.jpeg","type":"","width":"","height":""}],"twitter_card":"summary_large_image","twitter_misc":{"Szacowany czas czytania":"2 minuty"},"schema":{"@context":"https:\/\/schema.org","@graph":[{"@type":"WebPage","@id":"https:\/\/kamieniarstwopila.pl\/index.php\/wyposazenie-wnetrz\/","url":"https:\/\/kamieniarstwopila.pl\/index.php\/wyposazenie-wnetrz\/","name":"Wyposa\u017cenie wn\u0119trz - Kuksinowicz Kamieniarstwo","isPartOf":{"@id":"https:\/\/kamieniarstwopila.pl\/#website"},"primaryImageOfPage":{"@id":"https:\/\/kamieniarstwopila.pl\/index.php\/wyposazenie-wnetrz\/#primaryimage"},"image":{"@id":"https:\/\/kamieniarstwopila.pl\/index.php\/wyposazenie-wnetrz\/#primaryimage"},"thumbnailUrl":"https:\/\/kamieniarstwopila.pl\/wp-content\/uploads\/2025\/02\/schoddy.jpeg","datePublished":"2025-02-12T09:47:20+00:00","dateModified":"2025-02-12T16:48:15+00:00","breadcrumb":{"@id":"https:\/\/kamieniarstwopila.pl\/index.php\/wyposazenie-wnetrz\/#breadcrumb"},"inLanguage":"pl-PL","potentialAction":[{"@type":"ReadAction","target":["https:\/\/kamieniarstwopila.pl\/index.php\/wyposazenie-wnetrz\/"]}]},{"@type":"ImageObject","inLanguage":"pl-PL","@id":"https:\/\/kamieniarstwopila.pl\/index.php\/wyposazenie-wnetrz\/#primaryimage","url":"https:\/\/kamieniarstwopila.pl\/wp-content\/uploads\/2025\/02\/schoddy.jpeg","contentUrl":"https:\/\/kamieniarstwopila.pl\/wp-content\/uploads\/2025\/02\/schoddy.jpeg","width":512,"height":512},{"@type":"BreadcrumbList","@id":"https:\/\/kamieniarstwopila.pl\/index.php\/wyposazenie-wnetrz\/#breadcrumb","itemListElement":[{"@type":"ListItem","position":1,"name":"Strona g\u0142\u00f3wna","item":"https:\/\/kamieniarstwopila.pl\/"},{"@type":"ListItem","position":2,"name":"Wyposa\u017cenie wn\u0119trz"}]},{"@type":"WebSite","@id":"https:\/\/kamieniarstwopila.pl\/#website","url":"https:\/\/kamieniarstwopila.pl\/","name":"Kuksinowicz Kamieniarstwo","description":"Zak\u0142ad Kamieniarski Pi\u0142a Motylewo","publisher":{"@id":"https:\/\/kamieniarstwopila.pl\/#organization"},"potentialAction":[{"@type":"SearchAction","target":{"@type":"EntryPoint","urlTemplate":"https:\/\/kamieniarstwopila.pl\/?s={search_term_string}"},"query-input":{"@type":"PropertyValueSpecification","valueRequired":true,"valueName":"search_term_string"}}],"inLanguage":"pl-PL"},{"@type":"Organization","@id":"https:\/\/kamieniarstwopila.pl\/#organization","name":"Kuksinowicz Kamieniarstwo","url":"https:\/\/kamieniarstwopila.pl\/","logo":{"@type":"ImageObject","inLanguage":"pl-PL","@id":"https:\/\/kamieniarstwopila.pl\/#\/schema\/logo\/image\/","url":"https:\/\/kamieniarstwopila.pl\/wp-content\/uploads\/2025\/02\/cropped-logo-kuk.png","contentUrl":"https:\/\/kamieniarstwopila.pl\/wp-content\/uploads\/2025\/02\/cropped-logo-kuk.png","width":1080,"height":480,"caption":"Kuksinowicz Kamieniarstwo"},"image":{"@id":"https:\/\/kamieniarstwopila.pl\/#\/schema\/logo\/image\/"}}]}},"_links":{"self":[{"href":"https:\/\/kamieniarstwopila.pl\/index.php\/wp-json\/wp\/v2\/pages\/216","targetHints":{"allow":["GET"]}}],"collection":[{"href":"https:\/\/kamieniarstwopila.pl\/index.php\/wp-json\/wp\/v2\/pages"}],"about":[{"href":"https:\/\/kamieniarstwopila.pl\/index.php\/wp-json\/wp\/v2\/types\/page"}],"author":[{"embeddable":true,"href":"https:\/\/kamieniarstwopila.pl\/index.php\/wp-json\/wp\/v2\/users\/1"}],"replies":[{"embeddable":true,"href":"https:\/\/kamieniarstwopila.pl\/index.php\/wp-json\/wp\/v2\/comments?post=216"}],"version-history":[{"count":11,"href":"https:\/\/kamieniarstwopila.pl\/index.php\/wp-json\/wp\/v2\/pages\/216\/revisions"}],"predecessor-version":[{"id":297,"href":"https:\/\/kamieniarstwopila.pl\/index.php\/wp-json\/wp\/v2\/pages\/216\/revisions\/297"}],"wp:attachment":[{"href":"https:\/\/kamieniarstwopila.pl\/index.php\/wp-json\/wp\/v2\/media?parent=216"}],"curies":[{"name":"wp","href":"https:\/\/api.w.org\/{rel}","templated":true}]}}